{"id":10972,"date":"2025-09-19T12:05:33","date_gmt":"2025-09-19T10:05:33","guid":{"rendered":"https:\/\/farmaquimicasur.com\/partners\/"},"modified":"2025-09-22T10:30:13","modified_gmt":"2025-09-22T08:30:13","slug":"partners","status":"publish","type":"page","link":"https:\/\/farmaquimicasur.com\/en\/partners\/","title":{"rendered":"PARTNERS"},"content":{"rendered":"\t\t<div data-elementor-type=\"wp-page\" data-elementor-id=\"10972\" class=\"elementor elementor-10972 elementor-10483\" data-elementor-post-type=\"page\">\n\t\t\t\t<div class=\"elementor-element elementor-element-e05ab0e e-flex e-con-boxed e-con e-parent\" data-id=\"e05ab0e\" data-element_type=\"container\" data-settings=\"{&quot;background_background&quot;:&quot;video&quot;,&quot;background_video_link&quot;:&quot;https:\\\/\\\/farmaquimicasur.com\\\/wp-content\\\/uploads\\\/2025\\\/02\\\/freepik__un-suave-movimiento-lo-que-permite-al-espectador-e__94291.mp4&quot;,&quot;jet_parallax_layout_list&quot;:[],&quot;shape_divider_bottom&quot;:&quot;opacity-tilt&quot;,&quot;background_play_on_mobile&quot;:&quot;yes&quot;}\">\n\t\t\t\t\t<div class=\"e-con-inner\">\n\t\t<div class=\"elementor-background-video-container\" aria-hidden=\"true\">\n\t\t\t\t\t\t\t<video class=\"elementor-background-video-hosted\" autoplay muted playsinline loop><\/video>\n\t\t\t\t\t<\/div>\t\t<div class=\"elementor-shape elementor-shape-bottom\" aria-hidden=\"true\" data-negative=\"false\">\n\t\t\t<svg xmlns=\"http:\/\/www.w3.org\/2000\/svg\" viewBox=\"0 0 2600 131.1\" preserveAspectRatio=\"none\">\n\t<path class=\"elementor-shape-fill\" d=\"M0 0L2600 0 2600 69.1 0 0z\"\/>\n\t<path class=\"elementor-shape-fill\" style=\"opacity:0.5\" d=\"M0 0L2600 0 2600 69.1 0 69.1z\"\/>\n\t<path class=\"elementor-shape-fill\" style=\"opacity:0.25\" d=\"M2600 0L0 0 0 130.1 2600 69.1z\"\/>\n<\/svg>\t\t<\/div>\n\t\t\t\t<div class=\"elementor-element elementor-element-28c8235 elementor-widget elementor-widget-heading\" data-id=\"28c8235\" data-element_type=\"widget\" data-widget_type=\"heading.default\">\n\t\t\t\t<div class=\"elementor-widget-container\">\n\t\t\t\t\t<p class=\"elementor-heading-title elementor-size-default\">PARTNERS<\/p>\t\t\t\t<\/div>\n\t\t\t\t<\/div>\n\t\t\t\t\t<\/div>\n\t\t\t\t<\/div>\n\t\t<div class=\"elementor-element elementor-element-5e4937e e-flex e-con-boxed e-con e-parent\" data-id=\"5e4937e\" data-element_type=\"container\" data-settings=\"{&quot;jet_parallax_layout_list&quot;:[]}\">\n\t\t\t\t\t<div class=\"e-con-inner\">\n\t\t<div class=\"elementor-element elementor-element-a81748e e-con-full e-flex e-con e-child\" data-id=\"a81748e\" data-element_type=\"container\" data-settings=\"{&quot;jet_parallax_layout_list&quot;:[]}\">\n\t\t\t\t<div class=\"elementor-element elementor-element-0236ba6 elementor-widget elementor-widget-image\" data-id=\"0236ba6\" data-element_type=\"widget\" data-widget_type=\"image.default\">\n\t\t\t\t<div class=\"elementor-widget-container\">\n\t\t\t\t\t\t\t\t\t\t\t\t\t\t\t<img fetchpriority=\"high\" decoding=\"async\" width=\"300\" height=\"291\" src=\"https:\/\/farmaquimicasur.com\/wp-content\/uploads\/2025\/04\/Agente-Oficial-de-Ventas-FQS-300x291.png\" class=\"attachment-medium size-medium wp-image-10976\" alt=\"\" srcset=\"https:\/\/farmaquimicasur.com\/wp-content\/uploads\/2025\/04\/Agente-Oficial-de-Ventas-FQS-300x291.png 300w, https:\/\/farmaquimicasur.com\/wp-content\/uploads\/2025\/04\/Agente-Oficial-de-Ventas-FQS.png 589w\" sizes=\"(max-width: 300px) 100vw, 300px\" \/>\t\t\t\t\t\t\t\t\t\t\t\t\t\t\t<\/div>\n\t\t\t\t<\/div>\n\t\t\t\t<div class=\"elementor-element elementor-element-8b573cf elementor-invisible elementor-widget elementor-widget-heading\" data-id=\"8b573cf\" data-element_type=\"widget\" data-settings=\"{&quot;_animation&quot;:&quot;fadeInUp&quot;}\" data-widget_type=\"heading.default\">\n\t\t\t\t<div class=\"elementor-widget-container\">\n\t\t\t\t\t<h3 class=\"elementor-heading-title elementor-size-default\">FQS PARTNERS<\/h3>\t\t\t\t<\/div>\n\t\t\t\t<\/div>\n\t\t\t\t<div class=\"elementor-element elementor-element-81682f4 elementor-invisible elementor-widget elementor-widget-heading\" data-id=\"81682f4\" data-element_type=\"widget\" data-settings=\"{&quot;_animation&quot;:&quot;fadeInUp&quot;}\" data-widget_type=\"heading.default\">\n\t\t\t\t<div class=\"elementor-widget-container\">\n\t\t\t\t\t<h4 class=\"elementor-heading-title elementor-size-default\">Become a member of the FQS International Partner Network<\/h4>\t\t\t\t<\/div>\n\t\t\t\t<\/div>\n\t\t\t\t<div class=\"elementor-element elementor-element-980bc12 elementor-widget__width-initial elementor-invisible elementor-widget elementor-widget-text-editor\" data-id=\"980bc12\" data-element_type=\"widget\" data-settings=\"{&quot;_animation&quot;:&quot;fadeInUp&quot;}\" data-widget_type=\"text-editor.default\">\n\t\t\t\t<div class=\"elementor-widget-container\">\n\t\t\t\t\t\t\t\t\t<p><strong>FarmaQu\u00edmica Sur&#8217;s expansion crosses borders&#8230; and you can be part of it!<\/strong><br>FarmaQu\u00edmica Sur has been a reference in the supply of raw materials and solutions for the pharmaceutical, veterinary, agriculture, nutraceutical, food, etc. industries for more than 27 years. Now, in a phase of international expansion, we open our doors to professionals and companies that want to represent our brand exclusively in their country as FQS Official Sales Agent. <\/p>\t\t\t\t\t\t\t\t<\/div>\n\t\t\t\t<\/div>\n\t\t\t\t<\/div>\n\t\t\t\t\t<\/div>\n\t\t\t\t<\/div>\n\t\t<div class=\"elementor-element elementor-element-1ceed17 e-con-full e-flex e-con e-parent\" data-id=\"1ceed17\" data-element_type=\"container\" data-settings=\"{&quot;background_background&quot;:&quot;classic&quot;,&quot;jet_parallax_layout_list&quot;:[]}\">\n\t\t<div class=\"elementor-element elementor-element-77c23b5 e-con-full e-flex e-con e-child\" data-id=\"77c23b5\" data-element_type=\"container\" data-settings=\"{&quot;background_background&quot;:&quot;classic&quot;,&quot;jet_parallax_layout_list&quot;:[]}\">\n\t\t\t\t<div class=\"elementor-element elementor-element-dbdce13 elementor-invisible elementor-widget elementor-widget-heading\" data-id=\"dbdce13\" data-element_type=\"widget\" data-settings=\"{&quot;_animation&quot;:&quot;fadeInRight&quot;}\" data-widget_type=\"heading.default\">\n\t\t\t\t<div class=\"elementor-widget-container\">\n\t\t\t\t\t<h3 class=\"elementor-heading-title elementor-size-default\">A unique opportunity to grow with a leader in the industry<\/h3>\t\t\t\t<\/div>\n\t\t\t\t<\/div>\n\t\t\t\t<div class=\"elementor-element elementor-element-d7de9f0 elementor-icon-list--layout-traditional elementor-list-item-link-full_width elementor-widget elementor-widget-icon-list\" data-id=\"d7de9f0\" data-element_type=\"widget\" data-widget_type=\"icon-list.default\">\n\t\t\t\t<div class=\"elementor-widget-container\">\n\t\t\t\t\t\t\t<ul class=\"elementor-icon-list-items\">\n\t\t\t\t\t\t\t<li class=\"elementor-icon-list-item\">\n\t\t\t\t\t\t\t\t\t\t\t<span class=\"elementor-icon-list-icon\">\n\t\t\t\t\t\t\t<i aria-hidden=\"true\" class=\"fas fa-check\"><\/i>\t\t\t\t\t\t<\/span>\n\t\t\t\t\t\t\t\t\t\t<span class=\"elementor-icon-list-text\">Represents products of high demand and guaranteed quality.<\/span>\n\t\t\t\t\t\t\t\t\t<\/li>\n\t\t\t\t\t\t\t\t<li class=\"elementor-icon-list-item\">\n\t\t\t\t\t\t\t\t\t\t\t<span class=\"elementor-icon-list-icon\">\n\t\t\t\t\t\t\t<i aria-hidden=\"true\" class=\"fas fa-check\"><\/i>\t\t\t\t\t\t<\/span>\n\t\t\t\t\t\t\t\t\t\t<span class=\"elementor-icon-list-text\">Access to technical, commercial and logistic support from a consolidated brand.<\/span>\n\t\t\t\t\t\t\t\t\t<\/li>\n\t\t\t\t\t\t\t\t<li class=\"elementor-icon-list-item\">\n\t\t\t\t\t\t\t\t\t\t\t<span class=\"elementor-icon-list-icon\">\n\t\t\t\t\t\t\t<i aria-hidden=\"true\" class=\"fas fa-check\"><\/i>\t\t\t\t\t\t<\/span>\n\t\t\t\t\t\t\t\t\t\t<span class=\"elementor-icon-list-text\">Be the FQS reference in your market, with exclusive conditions.<\/span>\n\t\t\t\t\t\t\t\t\t<\/li>\n\t\t\t\t\t\t\t\t<li class=\"elementor-icon-list-item\">\n\t\t\t\t\t\t\t\t\t\t\t<span class=\"elementor-icon-list-icon\">\n\t\t\t\t\t\t\t<i aria-hidden=\"true\" class=\"fas fa-check\"><\/i>\t\t\t\t\t\t<\/span>\n\t\t\t\t\t\t\t\t\t\t<span class=\"elementor-icon-list-text\">It is part of a forward-looking international network.<\/span>\n\t\t\t\t\t\t\t\t\t<\/li>\n\t\t\t\t\t\t\t\t<li class=\"elementor-icon-list-item\">\n\t\t\t\t\t\t\t\t\t\t\t<span class=\"elementor-icon-list-icon\">\n\t\t\t\t\t\t\t<i aria-hidden=\"true\" class=\"fas fa-check\"><\/i>\t\t\t\t\t\t<\/span>\n\t\t\t\t\t\t\t\t\t\t<span class=\"elementor-icon-list-text\">Very attractive sales commission and commercial contract.<\/span>\n\t\t\t\t\t\t\t\t\t<\/li>\n\t\t\t\t\t\t\t\t<li class=\"elementor-icon-list-item\">\n\t\t\t\t\t\t\t\t\t\t\t<span class=\"elementor-icon-list-icon\">\n\t\t\t\t\t\t\t<i aria-hidden=\"true\" class=\"fas fa-check\"><\/i>\t\t\t\t\t\t<\/span>\n\t\t\t\t\t\t\t\t\t\t<span class=\"elementor-icon-list-text\">Total freedom of management and schedules.<\/span>\n\t\t\t\t\t\t\t\t\t<\/li>\n\t\t\t\t\t\t<\/ul>\n\t\t\t\t\t\t<\/div>\n\t\t\t\t<\/div>\n\t\t\t\t<\/div>\n\t\t<div class=\"elementor-element elementor-element-1f607ab e-con-full e-flex e-con e-child\" data-id=\"1f607ab\" data-element_type=\"container\" data-settings=\"{&quot;jet_parallax_layout_list&quot;:[],&quot;background_background&quot;:&quot;classic&quot;}\">\n\t\t\t\t<\/div>\n\t\t\t\t<\/div>\n\t\t<div class=\"elementor-element elementor-element-ba24077 e-flex e-con-boxed e-con e-parent\" data-id=\"ba24077\" data-element_type=\"container\" data-settings=\"{&quot;jet_parallax_layout_list&quot;:[]}\">\n\t\t\t\t\t<div class=\"e-con-inner\">\n\t\t<div class=\"elementor-element elementor-element-81fa3c1 e-con-full e-flex e-con e-child\" data-id=\"81fa3c1\" data-element_type=\"container\" data-settings=\"{&quot;jet_parallax_layout_list&quot;:[]}\">\n\t\t\t\t<div class=\"elementor-element elementor-element-0386fc7 elementor-widget__width-initial elementor-invisible elementor-widget elementor-widget-heading\" data-id=\"0386fc7\" data-element_type=\"widget\" data-settings=\"{&quot;_animation&quot;:&quot;fadeInRight&quot;}\" data-widget_type=\"heading.default\">\n\t\t\t\t<div class=\"elementor-widget-container\">\n\t\t\t\t\t<h3 class=\"elementor-heading-title elementor-size-default\">The time is now.<\/h3>\t\t\t\t<\/div>\n\t\t\t\t<\/div>\n\t\t\t\t<div class=\"elementor-element elementor-element-7d3c5e0 elementor-widget elementor-widget-text-editor\" data-id=\"7d3c5e0\" data-element_type=\"widget\" data-widget_type=\"text-editor.default\">\n\t\t\t\t<div class=\"elementor-widget-container\">\n\t\t\t\t\t\t\t\t\t<p>Our partnership plan in Latin America is underway and opportunities are limited. If you have experience in the sector, a consolidated network of contacts and an entrepreneurial spirit, this is your opportunity to lead the expansion of FQS in your country. <\/p>\t\t\t\t\t\t\t\t<\/div>\n\t\t\t\t<\/div>\n\t\t\t\t<\/div>\n\t\t<div class=\"elementor-element elementor-element-8aaaae1 e-con-full e-flex e-con e-child\" data-id=\"8aaaae1\" data-element_type=\"container\" data-settings=\"{&quot;jet_parallax_layout_list&quot;:[]}\">\n\t\t\t\t<div class=\"elementor-element elementor-element-d311501 elementor-widget elementor-widget-image\" data-id=\"d311501\" data-element_type=\"widget\" data-widget_type=\"image.default\">\n\t\t\t\t<div class=\"elementor-widget-container\">\n\t\t\t\t\t\t\t\t\t\t\t\t\t\t\t<img decoding=\"async\" width=\"800\" height=\"533\" src=\"https:\/\/farmaquimicasur.com\/wp-content\/uploads\/2025\/04\/trato2-1024x682.jpeg\" class=\"attachment-large size-large wp-image-10974\" alt=\"\" srcset=\"https:\/\/farmaquimicasur.com\/wp-content\/uploads\/2025\/04\/trato2-1024x682.jpeg 1024w, https:\/\/farmaquimicasur.com\/wp-content\/uploads\/2025\/04\/trato2-300x200.jpeg 300w, https:\/\/farmaquimicasur.com\/wp-content\/uploads\/2025\/04\/trato2-768x512.jpeg 768w, https:\/\/farmaquimicasur.com\/wp-content\/uploads\/2025\/04\/trato2-1536x1024.jpeg 1536w, https:\/\/farmaquimicasur.com\/wp-content\/uploads\/2025\/04\/trato2.jpeg 2000w\" sizes=\"(max-width: 800px) 100vw, 800px\" \/>\t\t\t\t\t\t\t\t\t\t\t\t\t\t\t<\/div>\n\t\t\t\t<\/div>\n\t\t\t\t<\/div>\n\t\t\t\t\t<\/div>\n\t\t\t\t<\/div>\n\t\t<div class=\"elementor-element elementor-element-12abe3e e-flex e-con-boxed e-con e-parent\" data-id=\"12abe3e\" data-element_type=\"container\" data-settings=\"{&quot;jet_parallax_layout_list&quot;:[]}\">\n\t\t\t\t\t<div class=\"e-con-inner\">\n\t\t\t\t<div class=\"elementor-element elementor-element-40ebcd5 elementor-invisible elementor-widget elementor-widget-heading\" data-id=\"40ebcd5\" data-element_type=\"widget\" data-settings=\"{&quot;_animation&quot;:&quot;fadeInUp&quot;}\" data-widget_type=\"heading.default\">\n\t\t\t\t<div class=\"elementor-widget-container\">\n\t\t\t\t\t<h3 class=\"elementor-heading-title elementor-size-default\">Do you want more information?<\/h3>\t\t\t\t<\/div>\n\t\t\t\t<\/div>\n\t\t\t\t<div class=\"elementor-element elementor-element-186eb62 elementor-invisible elementor-widget elementor-widget-heading\" data-id=\"186eb62\" data-element_type=\"widget\" data-settings=\"{&quot;_animation&quot;:&quot;fadeInUp&quot;}\" data-widget_type=\"heading.default\">\n\t\t\t\t<div class=\"elementor-widget-container\">\n\t\t\t\t\t<h3 class=\"elementor-heading-title elementor-size-default\">  Let's talk today!<\/h3>\t\t\t\t<\/div>\n\t\t\t\t<\/div>\n\t\t\t\t<div class=\"elementor-element elementor-element-0d58e72 elementor-button-align-start elementor-widget__width-initial elementor-widget elementor-widget-form\" data-id=\"0d58e72\" data-element_type=\"widget\" data-settings=\"{&quot;step_next_label&quot;:&quot;Next&quot;,&quot;step_previous_label&quot;:&quot;Previous&quot;,&quot;button_width&quot;:&quot;100&quot;,&quot;step_type&quot;:&quot;number_text&quot;,&quot;step_icon_shape&quot;:&quot;circle&quot;}\" data-widget_type=\"form.default\">\n\t\t\t\t<div class=\"elementor-widget-container\">\n\t\t\t\t\t\t\t<form class=\"elementor-form\" method=\"post\" name=\"New form\" aria-label=\"New form\">\n\t\t\t<input type=\"hidden\" name=\"post_id\" value=\"10972\"\/>\n\t\t\t<input type=\"hidden\" name=\"form_id\" value=\"0d58e72\"\/>\n\t\t\t<input type=\"hidden\" name=\"referer_title\" value=\"PARTNERS - FarmaQu\u00edmicaSur - FQS\" \/>\n\n\t\t\t\t\t\t\t<input type=\"hidden\" name=\"queried_id\" value=\"10972\"\/>\n\t\t\t\n\t\t\t<div class=\"elementor-form-fields-wrapper elementor-labels-above\">\n\t\t\t\t\t\t\t\t<div class=\"elementor-field-type-text elementor-field-group elementor-column elementor-field-group-field_f978a1c elementor-col-100 elementor-field-required\">\n\t\t\t\t\t\t\t\t\t\t\t\t\t<input size=\"1\" type=\"text\" name=\"form_fields[field_f978a1c]\" id=\"form-field-field_f978a1c\" class=\"elementor-field elementor-size-sm  elementor-field-textual\" placeholder=\"Name\" required=\"required\">\n\t\t\t\t\t\t\t\t\t\t\t<\/div>\n\t\t\t\t\t\t\t\t<div class=\"elementor-field-type-email elementor-field-group elementor-column elementor-field-group-email elementor-col-100 elementor-field-required\">\n\t\t\t\t\t\t\t\t\t\t\t\t\t<input size=\"1\" type=\"email\" name=\"form_fields[email]\" id=\"form-field-email\" class=\"elementor-field elementor-size-sm  elementor-field-textual\" placeholder=\"E-mail address\" required=\"required\">\n\t\t\t\t\t\t\t\t\t\t\t<\/div>\n\t\t\t\t\t\t\t\t<div class=\"elementor-field-type-textarea elementor-field-group elementor-column elementor-field-group-field_177e2e2 elementor-col-100\">\n\t\t\t\t\t<textarea class=\"elementor-field-textual elementor-field  elementor-size-sm\" name=\"form_fields[field_177e2e2]\" id=\"form-field-field_177e2e2\" rows=\"4\" placeholder=\"Consultation\"><\/textarea>\t\t\t\t<\/div>\n\t\t\t\t\t\t\t\t<div class=\"elementor-field-type-acceptance elementor-field-group elementor-column elementor-field-group-field_d738246 elementor-col-100 elementor-field-required\">\n\t\t\t\t\t\t\t<div class=\"elementor-field-subgroup\">\n\t\t\t<span class=\"elementor-field-option\">\n\t\t\t\t<input type=\"checkbox\" name=\"form_fields[field_d738246]\" id=\"form-field-field_d738246\" class=\"elementor-field elementor-size-sm  elementor-acceptance-field\" required=\"required\">\n\t\t\t\t<label for=\"form-field-field_d738246\">I accept the <a href=\"https:\/\/farmaquimicasur.com\/en\/privacy-policy-and-legal-notice\/\">Privacy Policy<\/a><\/label>\t\t\t<\/span>\n\t\t<\/div>\n\t\t\t\t\t\t<\/div>\n\t\t\t\t\t\t\t\t<div class=\"elementor-field-group elementor-column elementor-field-type-submit elementor-col-100 e-form__buttons\">\n\t\t\t\t\t<button class=\"elementor-button elementor-size-sm\" type=\"submit\">\n\t\t\t\t\t\t<span class=\"elementor-button-content-wrapper\">\n\t\t\t\t\t\t\t\t\t\t\t\t\t\t\t\t\t\t\t\t\t\t<span class=\"elementor-button-text\">Send to<\/span>\n\t\t\t\t\t\t\t\t\t\t\t\t\t<\/span>\n\t\t\t\t\t<\/button>\n\t\t\t\t<\/div>\n\t\t\t<\/div>\n\t\t<\/form>\n\t\t\t\t\t\t<\/div>\n\t\t\t\t<\/div>\n\t\t\t\t\t<\/div>\n\t\t\t\t<\/div>\n\t\t<div class=\"elementor-element elementor-element-b59284b e-flex e-con-boxed e-con e-parent\" data-id=\"b59284b\" data-element_type=\"container\" data-settings=\"{&quot;jet_parallax_layout_list&quot;:[]}\">\n\t\t\t\t\t<div class=\"e-con-inner\">\n\t\t\t\t<div class=\"elementor-element elementor-element-966a692 elementor-widget elementor-widget-text-editor\" data-id=\"966a692\" data-element_type=\"widget\" data-widget_type=\"text-editor.default\">\n\t\t\t\t<div class=\"elementor-widget-container\">\n\t\t\t\t\t\t\t\t\t<p><em><strong>Applications are open for a limited time.<\/strong><\/em> <br>Don&#8217;t miss the opportunity to be part of FarmaQu\u00edmica Sur&#8217;s global growth.<\/p>\t\t\t\t\t\t\t\t<\/div>\n\t\t\t\t<\/div>\n\t\t\t\t\t<\/div>\n\t\t\t\t<\/div>\n\t\t\t\t<\/div>\n\t\t","protected":false},"excerpt":{"rendered":"<p>PARTNERS FQS PARTNERS Become a member of the FQS International Partner Network FarmaQu\u00edmica Sur&#8217;s expansion crosses borders&#8230; and you can be part of it!FarmaQu\u00edmica Sur has been a reference in the supply of raw materials and solutions for the pharmaceutical, veterinary, agriculture, nutraceutical, food, etc. industries for more than 27 years. Now, in a phase [&hellip;]<\/p>\n","protected":false},"author":7,"featured_media":0,"parent":0,"menu_order":0,"comment_status":"closed","ping_status":"closed","template":"","meta":{"footnotes":""},"class_list":["post-10972","page","type-page","status-publish","hentry"],"yoast_head":"<!-- This site is optimized with the Yoast SEO plugin v24.6 - https:\/\/yoast.com\/wordpress\/plugins\/seo\/ -->\n<title>PARTNERS - FarmaQu\u00edmicaSur - FQS<\/title>\n<meta name=\"robots\" content=\"index, follow, max-snippet:-1, max-image-preview:large, max-video-preview:-1\" \/>\n<link rel=\"canonical\" href=\"https:\/\/farmaquimicasur.com\/en\/partners\/\" \/>\n<meta property=\"og:locale\" content=\"en_US\" \/>\n<meta property=\"og:type\" content=\"article\" \/>\n<meta property=\"og:title\" content=\"PARTNERS - FarmaQu\u00edmicaSur - FQS\" \/>\n<meta property=\"og:description\" content=\"PARTNERS FQS PARTNERS Become a member of the FQS International Partner Network FarmaQu\u00edmica Sur&#8217;s expansion crosses borders&#8230; and you can be part of it!FarmaQu\u00edmica Sur has been a reference in the supply of raw materials and solutions for the pharmaceutical, veterinary, agriculture, nutraceutical, food, etc. industries for more than 27 years. Now, in a phase [&hellip;]\" \/>\n<meta property=\"og:url\" content=\"https:\/\/farmaquimicasur.com\/en\/partners\/\" \/>\n<meta property=\"og:site_name\" content=\"FarmaQu\u00edmicaSur - FQS\" \/>\n<meta property=\"article:modified_time\" content=\"2025-09-22T08:30:13+00:00\" \/>\n<meta property=\"og:image\" content=\"https:\/\/farmaquimicasur.com\/wp-content\/uploads\/2025\/04\/Agente-Oficial-de-Ventas-FQS.png\" \/>\n\t<meta property=\"og:image:width\" content=\"589\" \/>\n\t<meta property=\"og:image:height\" content=\"571\" \/>\n\t<meta property=\"og:image:type\" content=\"image\/png\" \/>\n<meta name=\"twitter:card\" content=\"summary_large_image\" \/>\n<meta name=\"twitter:label1\" content=\"Est. reading time\" \/>\n\t<meta name=\"twitter:data1\" content=\"1 minute\" \/>\n<script type=\"application\/ld+json\" class=\"yoast-schema-graph\">{\"@context\":\"https:\/\/schema.org\",\"@graph\":[{\"@type\":\"WebPage\",\"@id\":\"https:\/\/farmaquimicasur.com\/en\/partners\/\",\"url\":\"https:\/\/farmaquimicasur.com\/en\/partners\/\",\"name\":\"PARTNERS - FarmaQu\u00edmicaSur - FQS\",\"isPartOf\":{\"@id\":\"https:\/\/farmaquimicasur.com\/#website\"},\"primaryImageOfPage\":{\"@id\":\"https:\/\/farmaquimicasur.com\/en\/partners\/#primaryimage\"},\"image\":{\"@id\":\"https:\/\/farmaquimicasur.com\/en\/partners\/#primaryimage\"},\"thumbnailUrl\":\"https:\/\/farmaquimicasur.com\/wp-content\/uploads\/2025\/04\/Agente-Oficial-de-Ventas-FQS-300x291.png\",\"datePublished\":\"2025-09-19T10:05:33+00:00\",\"dateModified\":\"2025-09-22T08:30:13+00:00\",\"breadcrumb\":{\"@id\":\"https:\/\/farmaquimicasur.com\/en\/partners\/#breadcrumb\"},\"inLanguage\":\"en-US\",\"potentialAction\":[{\"@type\":\"ReadAction\",\"target\":[\"https:\/\/farmaquimicasur.com\/en\/partners\/\"]}]},{\"@type\":\"ImageObject\",\"inLanguage\":\"en-US\",\"@id\":\"https:\/\/farmaquimicasur.com\/en\/partners\/#primaryimage\",\"url\":\"https:\/\/farmaquimicasur.com\/wp-content\/uploads\/2025\/04\/Agente-Oficial-de-Ventas-FQS-300x291.png\",\"contentUrl\":\"https:\/\/farmaquimicasur.com\/wp-content\/uploads\/2025\/04\/Agente-Oficial-de-Ventas-FQS-300x291.png\"},{\"@type\":\"BreadcrumbList\",\"@id\":\"https:\/\/farmaquimicasur.com\/en\/partners\/#breadcrumb\",\"itemListElement\":[{\"@type\":\"ListItem\",\"position\":1,\"name\":\"Portada\",\"item\":\"https:\/\/farmaquimicasur.com\/en\/farmaquimica-sur\/\"},{\"@type\":\"ListItem\",\"position\":2,\"name\":\"PARTNERS\"}]},{\"@type\":\"WebSite\",\"@id\":\"https:\/\/farmaquimicasur.com\/#website\",\"url\":\"https:\/\/farmaquimicasur.com\/\",\"name\":\"FarmaQu\u00edmicaSur - FQS\",\"description\":\"Materias primas para Formulaci\u00f3n\",\"potentialAction\":[{\"@type\":\"SearchAction\",\"target\":{\"@type\":\"EntryPoint\",\"urlTemplate\":\"https:\/\/farmaquimicasur.com\/?s={search_term_string}\"},\"query-input\":{\"@type\":\"PropertyValueSpecification\",\"valueRequired\":true,\"valueName\":\"search_term_string\"}}],\"inLanguage\":\"en-US\"}]}<\/script>\n<!-- \/ Yoast SEO plugin. -->","yoast_head_json":{"title":"PARTNERS - FarmaQu\u00edmicaSur - FQS","robots":{"index":"index","follow":"follow","max-snippet":"max-snippet:-1","max-image-preview":"max-image-preview:large","max-video-preview":"max-video-preview:-1"},"canonical":"https:\/\/farmaquimicasur.com\/en\/partners\/","og_locale":"en_US","og_type":"article","og_title":"PARTNERS - FarmaQu\u00edmicaSur - FQS","og_description":"PARTNERS FQS PARTNERS Become a member of the FQS International Partner Network FarmaQu\u00edmica Sur&#8217;s expansion crosses borders&#8230; and you can be part of it!FarmaQu\u00edmica Sur has been a reference in the supply of raw materials and solutions for the pharmaceutical, veterinary, agriculture, nutraceutical, food, etc. industries for more than 27 years. Now, in a phase [&hellip;]","og_url":"https:\/\/farmaquimicasur.com\/en\/partners\/","og_site_name":"FarmaQu\u00edmicaSur - FQS","article_modified_time":"2025-09-22T08:30:13+00:00","og_image":[{"width":589,"height":571,"url":"https:\/\/farmaquimicasur.com\/wp-content\/uploads\/2025\/04\/Agente-Oficial-de-Ventas-FQS.png","type":"image\/png"}],"twitter_card":"summary_large_image","twitter_misc":{"Est. reading time":"1 minute"},"schema":{"@context":"https:\/\/schema.org","@graph":[{"@type":"WebPage","@id":"https:\/\/farmaquimicasur.com\/en\/partners\/","url":"https:\/\/farmaquimicasur.com\/en\/partners\/","name":"PARTNERS - FarmaQu\u00edmicaSur - FQS","isPartOf":{"@id":"https:\/\/farmaquimicasur.com\/#website"},"primaryImageOfPage":{"@id":"https:\/\/farmaquimicasur.com\/en\/partners\/#primaryimage"},"image":{"@id":"https:\/\/farmaquimicasur.com\/en\/partners\/#primaryimage"},"thumbnailUrl":"https:\/\/farmaquimicasur.com\/wp-content\/uploads\/2025\/04\/Agente-Oficial-de-Ventas-FQS-300x291.png","datePublished":"2025-09-19T10:05:33+00:00","dateModified":"2025-09-22T08:30:13+00:00","breadcrumb":{"@id":"https:\/\/farmaquimicasur.com\/en\/partners\/#breadcrumb"},"inLanguage":"en-US","potentialAction":[{"@type":"ReadAction","target":["https:\/\/farmaquimicasur.com\/en\/partners\/"]}]},{"@type":"ImageObject","inLanguage":"en-US","@id":"https:\/\/farmaquimicasur.com\/en\/partners\/#primaryimage","url":"https:\/\/farmaquimicasur.com\/wp-content\/uploads\/2025\/04\/Agente-Oficial-de-Ventas-FQS-300x291.png","contentUrl":"https:\/\/farmaquimicasur.com\/wp-content\/uploads\/2025\/04\/Agente-Oficial-de-Ventas-FQS-300x291.png"},{"@type":"BreadcrumbList","@id":"https:\/\/farmaquimicasur.com\/en\/partners\/#breadcrumb","itemListElement":[{"@type":"ListItem","position":1,"name":"Portada","item":"https:\/\/farmaquimicasur.com\/en\/farmaquimica-sur\/"},{"@type":"ListItem","position":2,"name":"PARTNERS"}]},{"@type":"WebSite","@id":"https:\/\/farmaquimicasur.com\/#website","url":"https:\/\/farmaquimicasur.com\/","name":"FarmaQu\u00edmicaSur - FQS","description":"Materias primas para Formulaci\u00f3n","potentialAction":[{"@type":"SearchAction","target":{"@type":"EntryPoint","urlTemplate":"https:\/\/farmaquimicasur.com\/?s={search_term_string}"},"query-input":{"@type":"PropertyValueSpecification","valueRequired":true,"valueName":"search_term_string"}}],"inLanguage":"en-US"}]}},"_links":{"self":[{"href":"https:\/\/farmaquimicasur.com\/en\/wp-json\/wp\/v2\/pages\/10972","targetHints":{"allow":["GET"]}}],"collection":[{"href":"https:\/\/farmaquimicasur.com\/en\/wp-json\/wp\/v2\/pages"}],"about":[{"href":"https:\/\/farmaquimicasur.com\/en\/wp-json\/wp\/v2\/types\/page"}],"author":[{"embeddable":true,"href":"https:\/\/farmaquimicasur.com\/en\/wp-json\/wp\/v2\/users\/7"}],"replies":[{"embeddable":true,"href":"https:\/\/farmaquimicasur.com\/en\/wp-json\/wp\/v2\/comments?post=10972"}],"version-history":[{"count":2,"href":"https:\/\/farmaquimicasur.com\/en\/wp-json\/wp\/v2\/pages\/10972\/revisions"}],"predecessor-version":[{"id":11051,"href":"https:\/\/farmaquimicasur.com\/en\/wp-json\/wp\/v2\/pages\/10972\/revisions\/11051"}],"wp:attachment":[{"href":"https:\/\/farmaquimicasur.com\/en\/wp-json\/wp\/v2\/media?parent=10972"}],"curies":[{"name":"wp","href":"https:\/\/api.w.org\/{rel}","templated":true}]}}